{"id":5372,"date":"2021-05-23T16:22:14","date_gmt":"2021-05-23T14:22:14","guid":{"rendered":"http:\/\/16.demooo.pl\/kariera\/"},"modified":"2022-12-07T13:31:30","modified_gmt":"2022-12-07T12:31:30","slug":"career","status":"publish","type":"page","link":"https:\/\/alvo.pl\/en\/career\/","title":{"rendered":"Career"},"content":{"rendered":"\n<p>We are always open to talented people!<br>Please use the button to send your application via the form. <br>If you have any questions, please contact the Human Resources Department on the following telephone number: +48 881\u00a0820\u00a0219<\/p>\n","protected":false},"excerpt":{"rendered":"<p>We are always open to talented people!Please use the button to send your application via the form. If you have any questions, please contact the Human Resources Department on the following telephone number: +48 881\u00a0820\u00a0219<\/p>\n","protected":false},"author":3,"featured_media":0,"parent":0,"menu_order":35,"comment_status":"closed","ping_status":"closed","template":"","meta":{"_acf_changed":false,"inline_featured_image":false,"footnotes":""},"folder":[],"class_list":["post-5372","page","type-page","status-publish","hentry"],"acf":[],"yoast_head":"<!-- This site is optimized with the Yoast SEO plugin v27.4 - https:\/\/yoast.com\/product\/yoast-seo-wordpress\/ -->\n<title>Career - ALVO MEDICAL<\/title>\n<meta name=\"description\" content=\"ALVO MEDICAL \u27a4 Career \u2714\ufe0f Na przestrzeni prawie 30 lat zrealizowali\u015bmy ponad 2,5 tysi\u0105ca sal operacyjnych w ponad 70 krajach \u015bwiata \u2714\ufe0f Sprawd\u017a!\" \/>\n<meta name=\"robots\" content=\"index, follow, max-snippet:-1, max-image-preview:large, max-video-preview:-1\" \/>\n<link rel=\"canonical\" href=\"https:\/\/alvo.pl\/en\/career\/\" \/>\n<meta property=\"og:locale\" content=\"en_US\" \/>\n<meta property=\"og:type\" content=\"article\" \/>\n<meta property=\"og:title\" content=\"Career - ALVO MEDICAL\" \/>\n<meta property=\"og:description\" content=\"ALVO MEDICAL \u27a4 Career \u2714\ufe0f Na przestrzeni prawie 30 lat zrealizowali\u015bmy ponad 2,5 tysi\u0105ca sal operacyjnych w ponad 70 krajach \u015bwiata \u2714\ufe0f Sprawd\u017a!\" \/>\n<meta property=\"og:url\" content=\"https:\/\/alvo.pl\/en\/career\/\" \/>\n<meta property=\"og:site_name\" content=\"ALVO MEDICAL\" \/>\n<meta property=\"article:modified_time\" content=\"2022-12-07T12:31:30+00:00\" \/>\n<meta name=\"twitter:card\" content=\"summary_large_image\" \/>\n<script type=\"application\/ld+json\" class=\"yoast-schema-graph\">{\"@context\":\"https:\\\/\\\/schema.org\",\"@graph\":[{\"@type\":\"WebPage\",\"@id\":\"https:\\\/\\\/alvo.pl\\\/en\\\/career\\\/\",\"url\":\"https:\\\/\\\/alvo.pl\\\/en\\\/career\\\/\",\"name\":\"Career - ALVO MEDICAL\",\"isPartOf\":{\"@id\":\"https:\\\/\\\/alvo.pl\\\/en\\\/#website\"},\"datePublished\":\"2021-05-23T14:22:14+00:00\",\"dateModified\":\"2022-12-07T12:31:30+00:00\",\"description\":\"ALVO MEDICAL \u27a4 Career \u2714\ufe0f Na przestrzeni prawie 30 lat zrealizowali\u015bmy ponad 2,5 tysi\u0105ca sal operacyjnych w ponad 70 krajach \u015bwiata \u2714\ufe0f Sprawd\u017a!\",\"breadcrumb\":{\"@id\":\"https:\\\/\\\/alvo.pl\\\/en\\\/career\\\/#breadcrumb\"},\"inLanguage\":\"en-US\",\"potentialAction\":[{\"@type\":\"ReadAction\",\"target\":[\"https:\\\/\\\/alvo.pl\\\/en\\\/career\\\/\"]}]},{\"@type\":\"BreadcrumbList\",\"@id\":\"https:\\\/\\\/alvo.pl\\\/en\\\/career\\\/#breadcrumb\",\"itemListElement\":[{\"@type\":\"ListItem\",\"position\":1,\"name\":\"ALVO MEDICAL\",\"item\":\"https:\\\/\\\/alvo.pl\\\/en\\\/\"},{\"@type\":\"ListItem\",\"position\":2,\"name\":\"Career\"}]},{\"@type\":\"WebSite\",\"@id\":\"https:\\\/\\\/alvo.pl\\\/en\\\/#website\",\"url\":\"https:\\\/\\\/alvo.pl\\\/en\\\/\",\"name\":\"ALVO MEDICAL\",\"description\":\"bloki i sto\u0142y operacyjne oraz wyposa\u017cenie medyczne\",\"potentialAction\":[{\"@type\":\"SearchAction\",\"target\":{\"@type\":\"EntryPoint\",\"urlTemplate\":\"https:\\\/\\\/alvo.pl\\\/en\\\/?s={search_term_string}\"},\"query-input\":{\"@type\":\"PropertyValueSpecification\",\"valueRequired\":true,\"valueName\":\"search_term_string\"}}],\"inLanguage\":\"en-US\"}]}<\/script>\n<!-- \/ Yoast SEO plugin. -->","yoast_head_json":{"title":"Career - ALVO MEDICAL","description":"ALVO MEDICAL \u27a4 Career \u2714\ufe0f Na przestrzeni prawie 30 lat zrealizowali\u015bmy ponad 2,5 tysi\u0105ca sal operacyjnych w ponad 70 krajach \u015bwiata \u2714\ufe0f Sprawd\u017a!","robots":{"index":"index","follow":"follow","max-snippet":"max-snippet:-1","max-image-preview":"max-image-preview:large","max-video-preview":"max-video-preview:-1"},"canonical":"https:\/\/alvo.pl\/en\/career\/","og_locale":"en_US","og_type":"article","og_title":"Career - ALVO MEDICAL","og_description":"ALVO MEDICAL \u27a4 Career \u2714\ufe0f Na przestrzeni prawie 30 lat zrealizowali\u015bmy ponad 2,5 tysi\u0105ca sal operacyjnych w ponad 70 krajach \u015bwiata \u2714\ufe0f Sprawd\u017a!","og_url":"https:\/\/alvo.pl\/en\/career\/","og_site_name":"ALVO MEDICAL","article_modified_time":"2022-12-07T12:31:30+00:00","twitter_card":"summary_large_image","schema":{"@context":"https:\/\/schema.org","@graph":[{"@type":"WebPage","@id":"https:\/\/alvo.pl\/en\/career\/","url":"https:\/\/alvo.pl\/en\/career\/","name":"Career - ALVO MEDICAL","isPartOf":{"@id":"https:\/\/alvo.pl\/en\/#website"},"datePublished":"2021-05-23T14:22:14+00:00","dateModified":"2022-12-07T12:31:30+00:00","description":"ALVO MEDICAL \u27a4 Career \u2714\ufe0f Na przestrzeni prawie 30 lat zrealizowali\u015bmy ponad 2,5 tysi\u0105ca sal operacyjnych w ponad 70 krajach \u015bwiata \u2714\ufe0f Sprawd\u017a!","breadcrumb":{"@id":"https:\/\/alvo.pl\/en\/career\/#breadcrumb"},"inLanguage":"en-US","potentialAction":[{"@type":"ReadAction","target":["https:\/\/alvo.pl\/en\/career\/"]}]},{"@type":"BreadcrumbList","@id":"https:\/\/alvo.pl\/en\/career\/#breadcrumb","itemListElement":[{"@type":"ListItem","position":1,"name":"ALVO MEDICAL","item":"https:\/\/alvo.pl\/en\/"},{"@type":"ListItem","position":2,"name":"Career"}]},{"@type":"WebSite","@id":"https:\/\/alvo.pl\/en\/#website","url":"https:\/\/alvo.pl\/en\/","name":"ALVO MEDICAL","description":"bloki i sto\u0142y operacyjne oraz wyposa\u017cenie medyczne","potentialAction":[{"@type":"SearchAction","target":{"@type":"EntryPoint","urlTemplate":"https:\/\/alvo.pl\/en\/?s={search_term_string}"},"query-input":{"@type":"PropertyValueSpecification","valueRequired":true,"valueName":"search_term_string"}}],"inLanguage":"en-US"}]}},"_links":{"self":[{"href":"https:\/\/alvo.pl\/en\/wp-json\/wp\/v2\/pages\/5372","targetHints":{"allow":["GET"]}}],"collection":[{"href":"https:\/\/alvo.pl\/en\/wp-json\/wp\/v2\/pages"}],"about":[{"href":"https:\/\/alvo.pl\/en\/wp-json\/wp\/v2\/types\/page"}],"author":[{"embeddable":true,"href":"https:\/\/alvo.pl\/en\/wp-json\/wp\/v2\/users\/3"}],"replies":[{"embeddable":true,"href":"https:\/\/alvo.pl\/en\/wp-json\/wp\/v2\/comments?post=5372"}],"version-history":[{"count":5,"href":"https:\/\/alvo.pl\/en\/wp-json\/wp\/v2\/pages\/5372\/revisions"}],"predecessor-version":[{"id":8960,"href":"https:\/\/alvo.pl\/en\/wp-json\/wp\/v2\/pages\/5372\/revisions\/8960"}],"wp:attachment":[{"href":"https:\/\/alvo.pl\/en\/wp-json\/wp\/v2\/media?parent=5372"}],"wp:term":[{"taxonomy":"folder","embeddable":true,"href":"https:\/\/alvo.pl\/en\/wp-json\/wp\/v2\/folder?post=5372"}],"curies":[{"name":"wp","href":"https:\/\/api.w.org\/{rel}","templated":true}]}}