{"id":11865,"date":"2022-01-20T14:05:37","date_gmt":"2022-01-20T13:05:37","guid":{"rendered":"https:\/\/alvo.pl\/rozwiazania\/panele-sufitowe\/"},"modified":"2024-03-03T14:22:08","modified_gmt":"2024-03-03T13:22:08","slug":"ceiling-panels-and-lighting","status":"publish","type":"product","link":"https:\/\/alvo.pl\/en\/solutions\/ceiling-panels-and-lighting\/","title":{"rendered":"Ceiling panels and lighting"},"content":{"rendered":"\n<div class=\"wp-block-media-text alignwide is-stacked-on-mobile\"><figure class=\"wp-block-media-text__media\"><img loading=\"lazy\" decoding=\"async\" width=\"1024\" height=\"768\" src=\"https:\/\/alvo.pl\/wp-content\/uploads\/2021\/09\/Military-Hospital-in-Sofia-Bulgaria.-Szpital-4-1024x768.jpg\" alt=\"\" class=\"wp-image-1767 size-full\" srcset=\"https:\/\/alvo.pl\/wp-content\/uploads\/2021\/09\/Military-Hospital-in-Sofia-Bulgaria.-Szpital-4-1024x768.jpg 1024w, https:\/\/alvo.pl\/wp-content\/uploads\/2021\/09\/Military-Hospital-in-Sofia-Bulgaria.-Szpital-4-300x225.jpg 300w, https:\/\/alvo.pl\/wp-content\/uploads\/2021\/09\/Military-Hospital-in-Sofia-Bulgaria.-Szpital-4-768x576.jpg 768w, https:\/\/alvo.pl\/wp-content\/uploads\/2021\/09\/Military-Hospital-in-Sofia-Bulgaria.-Szpital-4-1536x1152.jpg 1536w, https:\/\/alvo.pl\/wp-content\/uploads\/2021\/09\/Military-Hospital-in-Sofia-Bulgaria.-Szpital-4.jpg 2016w\" sizes=\"auto, (max-width: 1024px) 100vw, 1024px\" \/><\/figure><div class=\"wp-block-media-text__content\">\n<p>ALVO Medical suspended ceilings with Clip-In technology are a natural addition to the modular OR system. The structure of the ceiling consists of load-bearing profiles connected with brackets to transverse profiles.<br>All parts of the base structure are made of galvanised steel, and the panels can be painted with silver ion paint.<\/p>\n\n\n\n<p>As an accessory to the ceiling, ALVO Medical also offers Clip-in LED lamps with IP65 protection class with full RGB option. The lamps are available in two dimensions: 600&#215;600 or 1200&#215;600.<br>Colour temperature 4000 K.<\/p>\n<\/div><\/div>\n","protected":false},"featured_media":3543,"parent":0,"menu_order":142,"template":"","product_category":[257],"dyscyplines":[],"class_list":["post-11865","product","type-product","status-publish","has-post-thumbnail","hentry","product_category-modular-operating-rooms"],"acf":[],"yoast_head":"<!-- This site is optimized with the Yoast SEO plugin v27.4 - https:\/\/yoast.com\/product\/yoast-seo-wordpress\/ -->\n<title>Ceiling panels and lighting - ALVO MEDICAL<\/title>\n<meta name=\"description\" content=\"ALVO MEDICAL \u27a4 Ceiling panels and lighting \u2714\ufe0f Na przestrzeni prawie 30 lat zrealizowali\u015bmy ponad 2,5 tysi\u0105ca sal operacyjnych w ponad 70 krajach \u015bwiata \u2714\ufe0f Sprawd\u017a!\" \/>\n<meta name=\"robots\" content=\"index, follow, max-snippet:-1, max-image-preview:large, max-video-preview:-1\" \/>\n<link rel=\"canonical\" href=\"https:\/\/alvo.pl\/en\/solutions\/ceiling-panels-and-lighting\/\" \/>\n<meta property=\"og:locale\" content=\"en_US\" \/>\n<meta property=\"og:type\" content=\"article\" \/>\n<meta property=\"og:title\" content=\"Ceiling panels and lighting - ALVO MEDICAL\" \/>\n<meta property=\"og:description\" content=\"ALVO MEDICAL \u27a4 Ceiling panels and lighting \u2714\ufe0f Na przestrzeni prawie 30 lat zrealizowali\u015bmy ponad 2,5 tysi\u0105ca sal operacyjnych w ponad 70 krajach \u015bwiata \u2714\ufe0f Sprawd\u017a!\" \/>\n<meta property=\"og:url\" content=\"https:\/\/alvo.pl\/en\/solutions\/ceiling-panels-and-lighting\/\" \/>\n<meta property=\"og:site_name\" content=\"ALVO MEDICAL\" \/>\n<meta property=\"article:modified_time\" content=\"2024-03-03T13:22:08+00:00\" \/>\n<meta property=\"og:image\" content=\"https:\/\/alvo.pl\/wp-content\/uploads\/2021\/09\/Military-Hospital-in-Sofia-Bulgaria.-Szpital-4.jpg\" \/>\n\t<meta property=\"og:image:width\" content=\"2016\" \/>\n\t<meta property=\"og:image:height\" content=\"1512\" \/>\n\t<meta property=\"og:image:type\" content=\"image\/jpeg\" \/>\n<meta name=\"twitter:card\" content=\"summary_large_image\" \/>\n<script type=\"application\/ld+json\" class=\"yoast-schema-graph\">{\"@context\":\"https:\\\/\\\/schema.org\",\"@graph\":[{\"@type\":\"WebPage\",\"@id\":\"https:\\\/\\\/alvo.pl\\\/en\\\/solutions\\\/ceiling-panels-and-lighting\\\/\",\"url\":\"https:\\\/\\\/alvo.pl\\\/en\\\/solutions\\\/ceiling-panels-and-lighting\\\/\",\"name\":\"Ceiling panels and lighting - ALVO MEDICAL\",\"isPartOf\":{\"@id\":\"https:\\\/\\\/alvo.pl\\\/en\\\/#website\"},\"primaryImageOfPage\":{\"@id\":\"https:\\\/\\\/alvo.pl\\\/en\\\/solutions\\\/ceiling-panels-and-lighting\\\/#primaryimage\"},\"image\":{\"@id\":\"https:\\\/\\\/alvo.pl\\\/en\\\/solutions\\\/ceiling-panels-and-lighting\\\/#primaryimage\"},\"thumbnailUrl\":\"https:\\\/\\\/alvo.pl\\\/wp-content\\\/uploads\\\/2021\\\/09\\\/Military-Hospital-in-Sofia-Bulgaria.-Szpital-4.jpg\",\"datePublished\":\"2022-01-20T13:05:37+00:00\",\"dateModified\":\"2024-03-03T13:22:08+00:00\",\"description\":\"ALVO MEDICAL \u27a4 Ceiling panels and lighting \u2714\ufe0f Na przestrzeni prawie 30 lat zrealizowali\u015bmy ponad 2,5 tysi\u0105ca sal operacyjnych w ponad 70 krajach \u015bwiata \u2714\ufe0f Sprawd\u017a!\",\"breadcrumb\":{\"@id\":\"https:\\\/\\\/alvo.pl\\\/en\\\/solutions\\\/ceiling-panels-and-lighting\\\/#breadcrumb\"},\"inLanguage\":\"en-US\",\"potentialAction\":[{\"@type\":\"ReadAction\",\"target\":[\"https:\\\/\\\/alvo.pl\\\/en\\\/solutions\\\/ceiling-panels-and-lighting\\\/\"]}]},{\"@type\":\"ImageObject\",\"inLanguage\":\"en-US\",\"@id\":\"https:\\\/\\\/alvo.pl\\\/en\\\/solutions\\\/ceiling-panels-and-lighting\\\/#primaryimage\",\"url\":\"https:\\\/\\\/alvo.pl\\\/wp-content\\\/uploads\\\/2021\\\/09\\\/Military-Hospital-in-Sofia-Bulgaria.-Szpital-4.jpg\",\"contentUrl\":\"https:\\\/\\\/alvo.pl\\\/wp-content\\\/uploads\\\/2021\\\/09\\\/Military-Hospital-in-Sofia-Bulgaria.-Szpital-4.jpg\",\"width\":2016,\"height\":1512},{\"@type\":\"BreadcrumbList\",\"@id\":\"https:\\\/\\\/alvo.pl\\\/en\\\/solutions\\\/ceiling-panels-and-lighting\\\/#breadcrumb\",\"itemListElement\":[{\"@type\":\"ListItem\",\"position\":1,\"name\":\"ALVO MEDICAL\",\"item\":\"https:\\\/\\\/alvo.pl\\\/en\\\/\"},{\"@type\":\"ListItem\",\"position\":2,\"name\":\"Solutions\",\"item\":\"https:\\\/\\\/alvo.pl\\\/en\\\/solutions\\\/\"},{\"@type\":\"ListItem\",\"position\":3,\"name\":\"Modular operating rooms\",\"item\":\"https:\\\/\\\/alvo.pl\\\/en\\\/product-category\\\/modular-operating-rooms\\\/\"},{\"@type\":\"ListItem\",\"position\":4,\"name\":\"Ceiling panels and lighting\"}]},{\"@type\":\"WebSite\",\"@id\":\"https:\\\/\\\/alvo.pl\\\/en\\\/#website\",\"url\":\"https:\\\/\\\/alvo.pl\\\/en\\\/\",\"name\":\"ALVO MEDICAL\",\"description\":\"bloki i sto\u0142y operacyjne oraz wyposa\u017cenie medyczne\",\"potentialAction\":[{\"@type\":\"SearchAction\",\"target\":{\"@type\":\"EntryPoint\",\"urlTemplate\":\"https:\\\/\\\/alvo.pl\\\/en\\\/?s={search_term_string}\"},\"query-input\":{\"@type\":\"PropertyValueSpecification\",\"valueRequired\":true,\"valueName\":\"search_term_string\"}}],\"inLanguage\":\"en-US\"}]}<\/script>\n<!-- \/ Yoast SEO plugin. -->","yoast_head_json":{"title":"Ceiling panels and lighting - ALVO MEDICAL","description":"ALVO MEDICAL \u27a4 Ceiling panels and lighting \u2714\ufe0f Na przestrzeni prawie 30 lat zrealizowali\u015bmy ponad 2,5 tysi\u0105ca sal operacyjnych w ponad 70 krajach \u015bwiata \u2714\ufe0f Sprawd\u017a!","robots":{"index":"index","follow":"follow","max-snippet":"max-snippet:-1","max-image-preview":"max-image-preview:large","max-video-preview":"max-video-preview:-1"},"canonical":"https:\/\/alvo.pl\/en\/solutions\/ceiling-panels-and-lighting\/","og_locale":"en_US","og_type":"article","og_title":"Ceiling panels and lighting - ALVO MEDICAL","og_description":"ALVO MEDICAL \u27a4 Ceiling panels and lighting \u2714\ufe0f Na przestrzeni prawie 30 lat zrealizowali\u015bmy ponad 2,5 tysi\u0105ca sal operacyjnych w ponad 70 krajach \u015bwiata \u2714\ufe0f Sprawd\u017a!","og_url":"https:\/\/alvo.pl\/en\/solutions\/ceiling-panels-and-lighting\/","og_site_name":"ALVO MEDICAL","article_modified_time":"2024-03-03T13:22:08+00:00","og_image":[{"width":2016,"height":1512,"url":"https:\/\/alvo.pl\/wp-content\/uploads\/2021\/09\/Military-Hospital-in-Sofia-Bulgaria.-Szpital-4.jpg","type":"image\/jpeg"}],"twitter_card":"summary_large_image","schema":{"@context":"https:\/\/schema.org","@graph":[{"@type":"WebPage","@id":"https:\/\/alvo.pl\/en\/solutions\/ceiling-panels-and-lighting\/","url":"https:\/\/alvo.pl\/en\/solutions\/ceiling-panels-and-lighting\/","name":"Ceiling panels and lighting - ALVO MEDICAL","isPartOf":{"@id":"https:\/\/alvo.pl\/en\/#website"},"primaryImageOfPage":{"@id":"https:\/\/alvo.pl\/en\/solutions\/ceiling-panels-and-lighting\/#primaryimage"},"image":{"@id":"https:\/\/alvo.pl\/en\/solutions\/ceiling-panels-and-lighting\/#primaryimage"},"thumbnailUrl":"https:\/\/alvo.pl\/wp-content\/uploads\/2021\/09\/Military-Hospital-in-Sofia-Bulgaria.-Szpital-4.jpg","datePublished":"2022-01-20T13:05:37+00:00","dateModified":"2024-03-03T13:22:08+00:00","description":"ALVO MEDICAL \u27a4 Ceiling panels and lighting \u2714\ufe0f Na przestrzeni prawie 30 lat zrealizowali\u015bmy ponad 2,5 tysi\u0105ca sal operacyjnych w ponad 70 krajach \u015bwiata \u2714\ufe0f Sprawd\u017a!","breadcrumb":{"@id":"https:\/\/alvo.pl\/en\/solutions\/ceiling-panels-and-lighting\/#breadcrumb"},"inLanguage":"en-US","potentialAction":[{"@type":"ReadAction","target":["https:\/\/alvo.pl\/en\/solutions\/ceiling-panels-and-lighting\/"]}]},{"@type":"ImageObject","inLanguage":"en-US","@id":"https:\/\/alvo.pl\/en\/solutions\/ceiling-panels-and-lighting\/#primaryimage","url":"https:\/\/alvo.pl\/wp-content\/uploads\/2021\/09\/Military-Hospital-in-Sofia-Bulgaria.-Szpital-4.jpg","contentUrl":"https:\/\/alvo.pl\/wp-content\/uploads\/2021\/09\/Military-Hospital-in-Sofia-Bulgaria.-Szpital-4.jpg","width":2016,"height":1512},{"@type":"BreadcrumbList","@id":"https:\/\/alvo.pl\/en\/solutions\/ceiling-panels-and-lighting\/#breadcrumb","itemListElement":[{"@type":"ListItem","position":1,"name":"ALVO MEDICAL","item":"https:\/\/alvo.pl\/en\/"},{"@type":"ListItem","position":2,"name":"Solutions","item":"https:\/\/alvo.pl\/en\/solutions\/"},{"@type":"ListItem","position":3,"name":"Modular operating rooms","item":"https:\/\/alvo.pl\/en\/product-category\/modular-operating-rooms\/"},{"@type":"ListItem","position":4,"name":"Ceiling panels and lighting"}]},{"@type":"WebSite","@id":"https:\/\/alvo.pl\/en\/#website","url":"https:\/\/alvo.pl\/en\/","name":"ALVO MEDICAL","description":"bloki i sto\u0142y operacyjne oraz wyposa\u017cenie medyczne","potentialAction":[{"@type":"SearchAction","target":{"@type":"EntryPoint","urlTemplate":"https:\/\/alvo.pl\/en\/?s={search_term_string}"},"query-input":{"@type":"PropertyValueSpecification","valueRequired":true,"valueName":"search_term_string"}}],"inLanguage":"en-US"}]}},"_links":{"self":[{"href":"https:\/\/alvo.pl\/en\/wp-json\/wp\/v2\/product\/11865","targetHints":{"allow":["GET"]}}],"collection":[{"href":"https:\/\/alvo.pl\/en\/wp-json\/wp\/v2\/product"}],"about":[{"href":"https:\/\/alvo.pl\/en\/wp-json\/wp\/v2\/types\/product"}],"version-history":[{"count":1,"href":"https:\/\/alvo.pl\/en\/wp-json\/wp\/v2\/product\/11865\/revisions"}],"predecessor-version":[{"id":11867,"href":"https:\/\/alvo.pl\/en\/wp-json\/wp\/v2\/product\/11865\/revisions\/11867"}],"wp:featuredmedia":[{"embeddable":true,"href":"https:\/\/alvo.pl\/en\/wp-json\/wp\/v2\/media\/3543"}],"wp:attachment":[{"href":"https:\/\/alvo.pl\/en\/wp-json\/wp\/v2\/media?parent=11865"}],"wp:term":[{"taxonomy":"product_category","embeddable":true,"href":"https:\/\/alvo.pl\/en\/wp-json\/wp\/v2\/product_category?post=11865"},{"taxonomy":"dyscyplines","embeddable":true,"href":"https:\/\/alvo.pl\/en\/wp-json\/wp\/v2\/dyscyplines?post=11865"}],"curies":[{"name":"wp","href":"https:\/\/api.w.org\/{rel}","templated":true}]}}