{"id":4452,"date":"2021-05-19T11:52:50","date_gmt":"2021-05-19T09:52:50","guid":{"rendered":"http:\/\/16.demooo.pl\/produkty\/alvo-vela-2\/"},"modified":"2025-05-30T09:15:56","modified_gmt":"2025-05-30T07:15:56","slug":"examination-lights","status":"publish","type":"product","link":"https:\/\/alvo.pl\/en\/solutions\/examination-lights\/","title":{"rendered":"Examination lights"},"content":{"rendered":"\n<div class=\"wp-block-media-text alignwide is-stacked-on-mobile\"><figure class=\"wp-block-media-text__media\"><img loading=\"lazy\" decoding=\"async\" width=\"1024\" height=\"698\" src=\"https:\/\/alvo.pl\/wp-content\/uploads\/2021\/05\/03-Astralite-Red-Boost-minor-surgery-and-examination-1024x698.jpg\" alt=\"\" class=\"wp-image-13716 size-full\" srcset=\"https:\/\/alvo.pl\/wp-content\/uploads\/2021\/05\/03-Astralite-Red-Boost-minor-surgery-and-examination-1024x698.jpg 1024w, https:\/\/alvo.pl\/wp-content\/uploads\/2021\/05\/03-Astralite-Red-Boost-minor-surgery-and-examination-300x204.jpg 300w, https:\/\/alvo.pl\/wp-content\/uploads\/2021\/05\/03-Astralite-Red-Boost-minor-surgery-and-examination-768x523.jpg 768w, https:\/\/alvo.pl\/wp-content\/uploads\/2021\/05\/03-Astralite-Red-Boost-minor-surgery-and-examination-1536x1047.jpg 1536w, https:\/\/alvo.pl\/wp-content\/uploads\/2021\/05\/03-Astralite-Red-Boost-minor-surgery-and-examination-2048x1396.jpg 2048w\" sizes=\"auto, (max-width: 1024px) 100vw, 1024px\" \/><\/figure><div class=\"wp-block-media-text__content\">\n<p class=\"has-medium-font-size\"><strong>Astralite\u00ae examination lights<\/strong><\/p>\n\n\n\n<p>Designed for examination and minor surgery with aunique advantage of full control of light intensity, colour and field size adjustment, the Astralite\u00ae delivers the quality of precision of British design and manufacture, with all the advanced features that come with Brandon Medical&#8217;s operating lights.<\/p>\n\n\n\n<p>A wide range of versions offers a choice between <strong>AL10\/AL1W <\/strong>with 70,000 lux at 1 m and even the more powerful <strong>ALE10\/ALE1W <\/strong>with 100,000 lux at 1 m.<\/p>\n\n\n\n<p>Red light improves physician perception in tissue details recognising during minor procedures, as the human eye is less sensitive to longer wavelengths. Brandon&#8217;s HD-LED technology improves tissue visibility, helping to improve outcomes during examinations and minor surgery.<\/p>\n\n\n\n<p><strong>Astralite\u00ae<\/strong> Warm\/Cold range (AL1W\/ALE1W) provides excellent visualisation of skin problems for all skin tones. The carried out tests, focusing on R13 and R15, confirm its effectiveness for darker skin tones, making it ideal for thorough examinations.<\/p>\n\n\n\n<p>Available in the following configurations: ceiling, wall, mobile, mobile with emergency power supply.<\/p>\n<\/div><\/div>\n\n\n\n<p><\/p>\n\n\n\n<p><\/p>\n\n\n\n<p><\/p>\n\n\n\n<p><\/p>\n\n\n\n<div class=\"wp-block-media-text alignwide has-media-on-the-right is-stacked-on-mobile\"><div class=\"wp-block-media-text__content\">\n<h5 class=\"wp-block-heading has-medium-font-size\"><strong>Coolview\u00ae series examination lights<\/strong><\/h5>\n\n\n\n<p>Coolview<strong>\u00ae <\/strong>series examination lights provide uncompromising lighting performance for the clinician its high intensity performance and colour corrected light make the focus of the examination vivid and natural.&nbsp;<\/p>\n\n\n\n<p>The series includes several light models with different illuminance parameters (30,000 lux, 50,000 lux or 60,000 lux). The simpler lights do not allow intensity adjustment, while the more advanced solutions allow adjustment of light intensity values and colour temperature.<\/p>\n\n\n\n<p>It is possible to purchase the light in various mounting variants: mobile, with ceiling or wall mounting, as well as mounted to a side rail\/desk\/bar at the column in a version with a rigid arm or gooseneck arm.<\/p>\n\n\n\n<p>The lamps can find their application in dermatology, gynaecology and obstetrics, neonatology, GP doctors, ER wards, as well as in veterinary medicine and other.<\/p>\n<\/div><figure class=\"wp-block-media-text__media\"><img loading=\"lazy\" decoding=\"async\" width=\"640\" height=\"443\" src=\"https:\/\/alvo.pl\/wp-content\/uploads\/2021\/05\/01-Coolview-examination-light-CLED-23-1.jpg\" alt=\"\" class=\"wp-image-13739 size-full\" srcset=\"https:\/\/alvo.pl\/wp-content\/uploads\/2021\/05\/01-Coolview-examination-light-CLED-23-1.jpg 640w, https:\/\/alvo.pl\/wp-content\/uploads\/2021\/05\/01-Coolview-examination-light-CLED-23-1-300x208.jpg 300w\" sizes=\"auto, (max-width: 640px) 100vw, 640px\" \/><\/figure><\/div>\n\n\n\n<hr class=\"wp-block-separator has-alpha-channel-opacity\"\/>\n\n\n\n<p><\/p>\n\n\n\n<hr class=\"wp-block-separator has-alpha-channel-opacity\"\/>\n\n\n\n<figure class=\"wp-block-gallery has-nested-images columns-default is-cropped wp-block-gallery-1 is-layout-flex wp-block-gallery-is-layout-flex\">\n<figure class=\"wp-block-image size-large\"><img loading=\"lazy\" decoding=\"async\" width=\"649\" height=\"1024\" data-id=\"13726\" src=\"https:\/\/alvo.pl\/wp-content\/uploads\/2021\/05\/Coolview-CLED30-1-649x1024.jpg\" alt=\"\" class=\"wp-image-13726\" srcset=\"https:\/\/alvo.pl\/wp-content\/uploads\/2021\/05\/Coolview-CLED30-1-649x1024.jpg 649w, https:\/\/alvo.pl\/wp-content\/uploads\/2021\/05\/Coolview-CLED30-1-190x300.jpg 190w, https:\/\/alvo.pl\/wp-content\/uploads\/2021\/05\/Coolview-CLED30-1-768x1211.jpg 768w, https:\/\/alvo.pl\/wp-content\/uploads\/2021\/05\/Coolview-CLED30-1-974x1536.jpg 974w, https:\/\/alvo.pl\/wp-content\/uploads\/2021\/05\/Coolview-CLED30-1-1298x2048.jpg 1298w, https:\/\/alvo.pl\/wp-content\/uploads\/2021\/05\/Coolview-CLED30-1-scaled.jpg 1623w\" sizes=\"auto, (max-width: 649px) 100vw, 649px\" \/><\/figure>\n\n\n\n<figure class=\"wp-block-image size-large\"><img loading=\"lazy\" decoding=\"async\" width=\"670\" height=\"1024\" data-id=\"13728\" src=\"https:\/\/alvo.pl\/wp-content\/uploads\/2021\/05\/Coolview-CLED50FXRP-3-670x1024.jpg\" alt=\"\" class=\"wp-image-13728\" srcset=\"https:\/\/alvo.pl\/wp-content\/uploads\/2021\/05\/Coolview-CLED50FXRP-3-670x1024.jpg 670w, https:\/\/alvo.pl\/wp-content\/uploads\/2021\/05\/Coolview-CLED50FXRP-3-196x300.jpg 196w, https:\/\/alvo.pl\/wp-content\/uploads\/2021\/05\/Coolview-CLED50FXRP-3-768x1174.jpg 768w, https:\/\/alvo.pl\/wp-content\/uploads\/2021\/05\/Coolview-CLED50FXRP-3-1004x1536.jpg 1004w, https:\/\/alvo.pl\/wp-content\/uploads\/2021\/05\/Coolview-CLED50FXRP-3-1339x2048.jpg 1339w, https:\/\/alvo.pl\/wp-content\/uploads\/2021\/05\/Coolview-CLED50FXRP-3-scaled.jpg 1674w\" sizes=\"auto, (max-width: 670px) 100vw, 670px\" \/><\/figure>\n\n\n\n<figure class=\"wp-block-image size-full\"><img decoding=\"async\" data-id=\"13730\" src=\"https:\/\/alvo.pl\/wp-content\/uploads\/2021\/05\/01-Coolview-examination-light-CLED-23-e1747911623208.jpg\" alt=\"\" class=\"wp-image-13730\"\/><\/figure>\n<\/figure>\n\n\n\n<p><\/p>\n","protected":false},"featured_media":13730,"parent":0,"menu_order":648,"template":"","product_category":[218],"dyscyplines":[],"class_list":["post-4452","product","type-product","status-publish","has-post-thumbnail","hentry","product_category-operating-lights-en"],"acf":[],"yoast_head":"<!-- This site is optimized with the Yoast SEO plugin v27.4 - https:\/\/yoast.com\/product\/yoast-seo-wordpress\/ -->\n<title>Examination lights - ALVO MEDICAL<\/title>\n<meta name=\"description\" content=\"ALVO MEDICAL \u27a4 Examination lights \u2714\ufe0f Na przestrzeni prawie 30 lat zrealizowali\u015bmy ponad 2,5 tysi\u0105ca sal operacyjnych w ponad 70 krajach \u015bwiata \u2714\ufe0f Sprawd\u017a!\" \/>\n<meta name=\"robots\" content=\"index, follow, max-snippet:-1, max-image-preview:large, max-video-preview:-1\" \/>\n<link rel=\"canonical\" href=\"https:\/\/alvo.pl\/en\/solutions\/examination-lights\/\" \/>\n<meta property=\"og:locale\" content=\"en_US\" \/>\n<meta property=\"og:type\" content=\"article\" \/>\n<meta property=\"og:title\" content=\"Examination lights - ALVO MEDICAL\" \/>\n<meta property=\"og:description\" content=\"ALVO MEDICAL \u27a4 Examination lights \u2714\ufe0f Na przestrzeni prawie 30 lat zrealizowali\u015bmy ponad 2,5 tysi\u0105ca sal operacyjnych w ponad 70 krajach \u015bwiata \u2714\ufe0f Sprawd\u017a!\" \/>\n<meta property=\"og:url\" content=\"https:\/\/alvo.pl\/en\/solutions\/examination-lights\/\" \/>\n<meta property=\"og:site_name\" content=\"ALVO MEDICAL\" \/>\n<meta property=\"article:modified_time\" content=\"2025-05-30T07:15:56+00:00\" \/>\n<meta property=\"og:image\" content=\"https:\/\/alvo.pl\/wp-content\/uploads\/2021\/05\/01-Coolview-examination-light-CLED-23-e1747911623208.jpg\" \/>\n\t<meta property=\"og:image:width\" content=\"640\" \/>\n\t<meta property=\"og:image:height\" content=\"443\" \/>\n\t<meta property=\"og:image:type\" content=\"image\/jpeg\" \/>\n<meta name=\"twitter:card\" content=\"summary_large_image\" \/>\n<meta name=\"twitter:label1\" content=\"Est. reading time\" \/>\n\t<meta name=\"twitter:data1\" content=\"1 minute\" \/>\n<script type=\"application\/ld+json\" class=\"yoast-schema-graph\">{\"@context\":\"https:\\\/\\\/schema.org\",\"@graph\":[{\"@type\":\"WebPage\",\"@id\":\"https:\\\/\\\/alvo.pl\\\/en\\\/solutions\\\/examination-lights\\\/\",\"url\":\"https:\\\/\\\/alvo.pl\\\/en\\\/solutions\\\/examination-lights\\\/\",\"name\":\"Examination lights - ALVO MEDICAL\",\"isPartOf\":{\"@id\":\"https:\\\/\\\/alvo.pl\\\/en\\\/#website\"},\"primaryImageOfPage\":{\"@id\":\"https:\\\/\\\/alvo.pl\\\/en\\\/solutions\\\/examination-lights\\\/#primaryimage\"},\"image\":{\"@id\":\"https:\\\/\\\/alvo.pl\\\/en\\\/solutions\\\/examination-lights\\\/#primaryimage\"},\"thumbnailUrl\":\"https:\\\/\\\/alvo.pl\\\/wp-content\\\/uploads\\\/2021\\\/05\\\/01-Coolview-examination-light-CLED-23-e1747911623208.jpg\",\"datePublished\":\"2021-05-19T09:52:50+00:00\",\"dateModified\":\"2025-05-30T07:15:56+00:00\",\"description\":\"ALVO MEDICAL \u27a4 Examination lights \u2714\ufe0f Na przestrzeni prawie 30 lat zrealizowali\u015bmy ponad 2,5 tysi\u0105ca sal operacyjnych w ponad 70 krajach \u015bwiata \u2714\ufe0f Sprawd\u017a!\",\"breadcrumb\":{\"@id\":\"https:\\\/\\\/alvo.pl\\\/en\\\/solutions\\\/examination-lights\\\/#breadcrumb\"},\"inLanguage\":\"en-US\",\"potentialAction\":[{\"@type\":\"ReadAction\",\"target\":[\"https:\\\/\\\/alvo.pl\\\/en\\\/solutions\\\/examination-lights\\\/\"]}]},{\"@type\":\"ImageObject\",\"inLanguage\":\"en-US\",\"@id\":\"https:\\\/\\\/alvo.pl\\\/en\\\/solutions\\\/examination-lights\\\/#primaryimage\",\"url\":\"https:\\\/\\\/alvo.pl\\\/wp-content\\\/uploads\\\/2021\\\/05\\\/01-Coolview-examination-light-CLED-23-e1747911623208.jpg\",\"contentUrl\":\"https:\\\/\\\/alvo.pl\\\/wp-content\\\/uploads\\\/2021\\\/05\\\/01-Coolview-examination-light-CLED-23-e1747911623208.jpg\",\"width\":640,\"height\":443},{\"@type\":\"BreadcrumbList\",\"@id\":\"https:\\\/\\\/alvo.pl\\\/en\\\/solutions\\\/examination-lights\\\/#breadcrumb\",\"itemListElement\":[{\"@type\":\"ListItem\",\"position\":1,\"name\":\"ALVO MEDICAL\",\"item\":\"https:\\\/\\\/alvo.pl\\\/en\\\/\"},{\"@type\":\"ListItem\",\"position\":2,\"name\":\"Solutions\",\"item\":\"https:\\\/\\\/alvo.pl\\\/en\\\/solutions\\\/\"},{\"@type\":\"ListItem\",\"position\":3,\"name\":\"Operating and examination lights\",\"item\":\"https:\\\/\\\/alvo.pl\\\/en\\\/product-category\\\/operating-lights-en\\\/\"},{\"@type\":\"ListItem\",\"position\":4,\"name\":\"Examination lights\"}]},{\"@type\":\"WebSite\",\"@id\":\"https:\\\/\\\/alvo.pl\\\/en\\\/#website\",\"url\":\"https:\\\/\\\/alvo.pl\\\/en\\\/\",\"name\":\"ALVO MEDICAL\",\"description\":\"bloki i sto\u0142y operacyjne oraz wyposa\u017cenie medyczne\",\"potentialAction\":[{\"@type\":\"SearchAction\",\"target\":{\"@type\":\"EntryPoint\",\"urlTemplate\":\"https:\\\/\\\/alvo.pl\\\/en\\\/?s={search_term_string}\"},\"query-input\":{\"@type\":\"PropertyValueSpecification\",\"valueRequired\":true,\"valueName\":\"search_term_string\"}}],\"inLanguage\":\"en-US\"}]}<\/script>\n<!-- \/ Yoast SEO plugin. -->","yoast_head_json":{"title":"Examination lights - ALVO MEDICAL","description":"ALVO MEDICAL \u27a4 Examination lights \u2714\ufe0f Na przestrzeni prawie 30 lat zrealizowali\u015bmy ponad 2,5 tysi\u0105ca sal operacyjnych w ponad 70 krajach \u015bwiata \u2714\ufe0f Sprawd\u017a!","robots":{"index":"index","follow":"follow","max-snippet":"max-snippet:-1","max-image-preview":"max-image-preview:large","max-video-preview":"max-video-preview:-1"},"canonical":"https:\/\/alvo.pl\/en\/solutions\/examination-lights\/","og_locale":"en_US","og_type":"article","og_title":"Examination lights - ALVO MEDICAL","og_description":"ALVO MEDICAL \u27a4 Examination lights \u2714\ufe0f Na przestrzeni prawie 30 lat zrealizowali\u015bmy ponad 2,5 tysi\u0105ca sal operacyjnych w ponad 70 krajach \u015bwiata \u2714\ufe0f Sprawd\u017a!","og_url":"https:\/\/alvo.pl\/en\/solutions\/examination-lights\/","og_site_name":"ALVO MEDICAL","article_modified_time":"2025-05-30T07:15:56+00:00","og_image":[{"width":640,"height":443,"url":"https:\/\/alvo.pl\/wp-content\/uploads\/2021\/05\/01-Coolview-examination-light-CLED-23-e1747911623208.jpg","type":"image\/jpeg"}],"twitter_card":"summary_large_image","twitter_misc":{"Est. reading time":"1 minute"},"schema":{"@context":"https:\/\/schema.org","@graph":[{"@type":"WebPage","@id":"https:\/\/alvo.pl\/en\/solutions\/examination-lights\/","url":"https:\/\/alvo.pl\/en\/solutions\/examination-lights\/","name":"Examination lights - ALVO MEDICAL","isPartOf":{"@id":"https:\/\/alvo.pl\/en\/#website"},"primaryImageOfPage":{"@id":"https:\/\/alvo.pl\/en\/solutions\/examination-lights\/#primaryimage"},"image":{"@id":"https:\/\/alvo.pl\/en\/solutions\/examination-lights\/#primaryimage"},"thumbnailUrl":"https:\/\/alvo.pl\/wp-content\/uploads\/2021\/05\/01-Coolview-examination-light-CLED-23-e1747911623208.jpg","datePublished":"2021-05-19T09:52:50+00:00","dateModified":"2025-05-30T07:15:56+00:00","description":"ALVO MEDICAL \u27a4 Examination lights \u2714\ufe0f Na przestrzeni prawie 30 lat zrealizowali\u015bmy ponad 2,5 tysi\u0105ca sal operacyjnych w ponad 70 krajach \u015bwiata \u2714\ufe0f Sprawd\u017a!","breadcrumb":{"@id":"https:\/\/alvo.pl\/en\/solutions\/examination-lights\/#breadcrumb"},"inLanguage":"en-US","potentialAction":[{"@type":"ReadAction","target":["https:\/\/alvo.pl\/en\/solutions\/examination-lights\/"]}]},{"@type":"ImageObject","inLanguage":"en-US","@id":"https:\/\/alvo.pl\/en\/solutions\/examination-lights\/#primaryimage","url":"https:\/\/alvo.pl\/wp-content\/uploads\/2021\/05\/01-Coolview-examination-light-CLED-23-e1747911623208.jpg","contentUrl":"https:\/\/alvo.pl\/wp-content\/uploads\/2021\/05\/01-Coolview-examination-light-CLED-23-e1747911623208.jpg","width":640,"height":443},{"@type":"BreadcrumbList","@id":"https:\/\/alvo.pl\/en\/solutions\/examination-lights\/#breadcrumb","itemListElement":[{"@type":"ListItem","position":1,"name":"ALVO MEDICAL","item":"https:\/\/alvo.pl\/en\/"},{"@type":"ListItem","position":2,"name":"Solutions","item":"https:\/\/alvo.pl\/en\/solutions\/"},{"@type":"ListItem","position":3,"name":"Operating and examination lights","item":"https:\/\/alvo.pl\/en\/product-category\/operating-lights-en\/"},{"@type":"ListItem","position":4,"name":"Examination lights"}]},{"@type":"WebSite","@id":"https:\/\/alvo.pl\/en\/#website","url":"https:\/\/alvo.pl\/en\/","name":"ALVO MEDICAL","description":"bloki i sto\u0142y operacyjne oraz wyposa\u017cenie medyczne","potentialAction":[{"@type":"SearchAction","target":{"@type":"EntryPoint","urlTemplate":"https:\/\/alvo.pl\/en\/?s={search_term_string}"},"query-input":{"@type":"PropertyValueSpecification","valueRequired":true,"valueName":"search_term_string"}}],"inLanguage":"en-US"}]}},"_links":{"self":[{"href":"https:\/\/alvo.pl\/en\/wp-json\/wp\/v2\/product\/4452","targetHints":{"allow":["GET"]}}],"collection":[{"href":"https:\/\/alvo.pl\/en\/wp-json\/wp\/v2\/product"}],"about":[{"href":"https:\/\/alvo.pl\/en\/wp-json\/wp\/v2\/types\/product"}],"version-history":[{"count":11,"href":"https:\/\/alvo.pl\/en\/wp-json\/wp\/v2\/product\/4452\/revisions"}],"predecessor-version":[{"id":13803,"href":"https:\/\/alvo.pl\/en\/wp-json\/wp\/v2\/product\/4452\/revisions\/13803"}],"wp:featuredmedia":[{"embeddable":true,"href":"https:\/\/alvo.pl\/en\/wp-json\/wp\/v2\/media\/13730"}],"wp:attachment":[{"href":"https:\/\/alvo.pl\/en\/wp-json\/wp\/v2\/media?parent=4452"}],"wp:term":[{"taxonomy":"product_category","embeddable":true,"href":"https:\/\/alvo.pl\/en\/wp-json\/wp\/v2\/product_category?post=4452"},{"taxonomy":"dyscyplines","embeddable":true,"href":"https:\/\/alvo.pl\/en\/wp-json\/wp\/v2\/dyscyplines?post=4452"}],"curies":[{"name":"wp","href":"https:\/\/api.w.org\/{rel}","templated":true}]}}