{"id":4455,"date":"2021-04-22T20:16:55","date_gmt":"2021-04-22T18:16:55","guid":{"rendered":"http:\/\/16.demooo.pl\/produkty\/alvo-vela\/"},"modified":"2025-05-30T08:33:02","modified_gmt":"2025-05-30T06:33:02","slug":"alvo-vela","status":"publish","type":"product","link":"https:\/\/alvo.pl\/en\/solutions\/alvo-vela\/","title":{"rendered":"ALVO Vela Plus operating lights"},"content":{"rendered":"\n<p><\/p>\n\n\n\n<div class=\"wp-block-media-text alignwide is-stacked-on-mobile\" style=\"grid-template-columns:27% auto\"><figure class=\"wp-block-media-text__media\"><img loading=\"lazy\" decoding=\"async\" width=\"1024\" height=\"115\" src=\"https:\/\/alvo.pl\/wp-content\/uploads\/2021\/04\/ALVO-Vela-PLUS-1024x115.png\" alt=\"\" class=\"wp-image-13542 size-full\" srcset=\"https:\/\/alvo.pl\/wp-content\/uploads\/2021\/04\/ALVO-Vela-PLUS-1024x115.png 1024w, https:\/\/alvo.pl\/wp-content\/uploads\/2021\/04\/ALVO-Vela-PLUS-300x34.png 300w, https:\/\/alvo.pl\/wp-content\/uploads\/2021\/04\/ALVO-Vela-PLUS-768x87.png 768w, https:\/\/alvo.pl\/wp-content\/uploads\/2021\/04\/ALVO-Vela-PLUS-1536x173.png 1536w, https:\/\/alvo.pl\/wp-content\/uploads\/2021\/04\/ALVO-Vela-PLUS.png 1623w\" sizes=\"auto, (max-width: 1024px) 100vw, 1024px\" \/><\/figure><div class=\"wp-block-media-text__content\">\n<p><\/p>\n\n\n\n<p><\/p>\n<\/div><\/div>\n\n\n\n<div class=\"wp-block-media-text alignwide is-stacked-on-mobile\"><figure class=\"wp-block-media-text__media\"><img loading=\"lazy\" decoding=\"async\" width=\"1024\" height=\"683\" src=\"https:\/\/alvo.pl\/wp-content\/uploads\/2021\/04\/IMG_9104-2000px-1024x683.jpg\" alt=\"\" class=\"wp-image-13544 size-full\" srcset=\"https:\/\/alvo.pl\/wp-content\/uploads\/2021\/04\/IMG_9104-2000px-1024x683.jpg 1024w, https:\/\/alvo.pl\/wp-content\/uploads\/2021\/04\/IMG_9104-2000px-300x200.jpg 300w, https:\/\/alvo.pl\/wp-content\/uploads\/2021\/04\/IMG_9104-2000px-768x512.jpg 768w, https:\/\/alvo.pl\/wp-content\/uploads\/2021\/04\/IMG_9104-2000px-1536x1025.jpg 1536w, https:\/\/alvo.pl\/wp-content\/uploads\/2021\/04\/IMG_9104-2000px.jpg 2000w\" sizes=\"auto, (max-width: 1024px) 100vw, 1024px\" \/><\/figure><div class=\"wp-block-media-text__content\">\n<p>ALVO operating lights use LED diodes as a light source. They are designed to illuminate operating field during procedures and surgeries. They have very good, fixed technical parameters, low heat radiation or long working time.<\/p>\n\n\n\n<p>ALVO Vela Plus operating lights  ensure high luminous intensity and color rendering index. It is possible to control 3 different parameters with use of sterile handle and activate endoscopic mode.<\/p>\n\n\n\n<p>Available version with active shadow management that helps to maintain constant luminous conditions during procedure.<\/p>\n<\/div><\/div>\n\n\n\n<p><\/p>\n\n\n\n<div class=\"wp-block-media-text alignwide has-media-on-the-right is-stacked-on-mobile\"><div class=\"wp-block-media-text__content\">\n<p>LCD control panel and LCD wall panel allow a wide adjustment of the luminous intensity, color temperature and operation in endoscopic lighting mode. <\/p>\n\n\n\n<p>Solid, resistant to environmental factors design ensures ease of disinfection and keeping clean.<\/p>\n\n\n\n<p><\/p>\n\n\n\n<p>Functions of the ALVO Vela Plus operating lights can be alternatively controlled by using the OR management solution &#8211; <a href=\"https:\/\/alvo.pl\/en\/alvo-integra\/\">ALVO Integra<\/a>.<\/p>\n<\/div><figure class=\"wp-block-media-text__media\"><img loading=\"lazy\" decoding=\"async\" width=\"1024\" height=\"683\" src=\"https:\/\/alvo.pl\/wp-content\/uploads\/2021\/04\/IMG_9086-2000px-1024x683.jpg\" alt=\"\" class=\"wp-image-13540 size-full\" srcset=\"https:\/\/alvo.pl\/wp-content\/uploads\/2021\/04\/IMG_9086-2000px-1024x683.jpg 1024w, https:\/\/alvo.pl\/wp-content\/uploads\/2021\/04\/IMG_9086-2000px-300x200.jpg 300w, https:\/\/alvo.pl\/wp-content\/uploads\/2021\/04\/IMG_9086-2000px-768x512.jpg 768w, https:\/\/alvo.pl\/wp-content\/uploads\/2021\/04\/IMG_9086-2000px-1536x1025.jpg 1536w, https:\/\/alvo.pl\/wp-content\/uploads\/2021\/04\/IMG_9086-2000px.jpg 2000w\" sizes=\"auto, (max-width: 1024px) 100vw, 1024px\" \/><\/figure><\/div>\n\n\n\n<p><\/p>\n\n\n\n<p><\/p>\n\n\n\n<h2 class=\"wp-block-heading\">Clinical advantages:<\/h2>\n\n\n\n<ul class=\"wp-block-list\">\n<li>Ergonimic shape<\/li>\n\n\n\n<li>ENDO mode<\/li>\n\n\n\n<li>Sterile control handle<\/li>\n\n\n\n<li>Waterproof, resistant to environmental factors design<\/li>\n<\/ul>\n\n\n\n<p><\/p>\n\n\n\n<hr class=\"wp-block-separator has-alpha-channel-opacity\"\/>\n\n\n\n<p>ALVO Vela Plus operating lights<br>Intended use: The device is designed to support operators during surgical procedures by illuminating the surgical field to facilitate diagnosis and treatment of patient diseases or injuries.<\/p>\n\n\n\n<div style=\"height:100px\" aria-hidden=\"true\" class=\"wp-block-spacer\"><\/div>\n\n\n\n<figure class=\"wp-block-gallery has-nested-images columns-default is-cropped wp-block-gallery-1 is-layout-flex wp-block-gallery-is-layout-flex\">\n<figure class=\"wp-block-image size-large\"><img loading=\"lazy\" decoding=\"async\" width=\"1024\" height=\"683\" data-id=\"13550\" src=\"https:\/\/alvo.pl\/wp-content\/uploads\/2021\/04\/IMG_8829-2000px-1024x683.jpg\" alt=\"\" class=\"wp-image-13550\" srcset=\"https:\/\/alvo.pl\/wp-content\/uploads\/2021\/04\/IMG_8829-2000px-1024x683.jpg 1024w, https:\/\/alvo.pl\/wp-content\/uploads\/2021\/04\/IMG_8829-2000px-300x200.jpg 300w, https:\/\/alvo.pl\/wp-content\/uploads\/2021\/04\/IMG_8829-2000px-768x512.jpg 768w, https:\/\/alvo.pl\/wp-content\/uploads\/2021\/04\/IMG_8829-2000px-1536x1025.jpg 1536w, https:\/\/alvo.pl\/wp-content\/uploads\/2021\/04\/IMG_8829-2000px.jpg 2000w\" sizes=\"auto, (max-width: 1024px) 100vw, 1024px\" \/><\/figure>\n\n\n\n<figure class=\"wp-block-image size-large\"><img loading=\"lazy\" decoding=\"async\" width=\"1024\" height=\"683\" data-id=\"13534\" src=\"https:\/\/alvo.pl\/wp-content\/uploads\/2025\/02\/IMG_8844-2000px-1024x683.jpg\" alt=\"\" class=\"wp-image-13534\" srcset=\"https:\/\/alvo.pl\/wp-content\/uploads\/2025\/02\/IMG_8844-2000px-1024x683.jpg 1024w, https:\/\/alvo.pl\/wp-content\/uploads\/2025\/02\/IMG_8844-2000px-300x200.jpg 300w, https:\/\/alvo.pl\/wp-content\/uploads\/2025\/02\/IMG_8844-2000px-768x512.jpg 768w, https:\/\/alvo.pl\/wp-content\/uploads\/2025\/02\/IMG_8844-2000px-1536x1025.jpg 1536w, https:\/\/alvo.pl\/wp-content\/uploads\/2025\/02\/IMG_8844-2000px.jpg 2000w\" sizes=\"auto, (max-width: 1024px) 100vw, 1024px\" \/><\/figure>\n\n\n\n<figure class=\"wp-block-image size-large\"><img loading=\"lazy\" decoding=\"async\" width=\"1024\" height=\"683\" data-id=\"13532\" src=\"https:\/\/alvo.pl\/wp-content\/uploads\/2025\/02\/IMG_9096-2000px-1-1024x683.jpg\" alt=\"\" class=\"wp-image-13532\" srcset=\"https:\/\/alvo.pl\/wp-content\/uploads\/2025\/02\/IMG_9096-2000px-1-1024x683.jpg 1024w, https:\/\/alvo.pl\/wp-content\/uploads\/2025\/02\/IMG_9096-2000px-1-300x200.jpg 300w, https:\/\/alvo.pl\/wp-content\/uploads\/2025\/02\/IMG_9096-2000px-1-768x512.jpg 768w, https:\/\/alvo.pl\/wp-content\/uploads\/2025\/02\/IMG_9096-2000px-1-1536x1025.jpg 1536w, https:\/\/alvo.pl\/wp-content\/uploads\/2025\/02\/IMG_9096-2000px-1.jpg 2000w\" sizes=\"auto, (max-width: 1024px) 100vw, 1024px\" \/><\/figure>\n<\/figure>\n","protected":false},"featured_media":13546,"parent":0,"menu_order":445,"template":"","product_category":[218],"dyscyplines":[],"class_list":["post-4455","product","type-product","status-publish","has-post-thumbnail","hentry","product_category-operating-lights-en"],"acf":[],"yoast_head":"<!-- This site is optimized with the Yoast SEO plugin v27.4 - https:\/\/yoast.com\/product\/yoast-seo-wordpress\/ -->\n<title>ALVO Vela Plus operating lights - ALVO MEDICAL<\/title>\n<meta name=\"description\" content=\"ALVO MEDICAL \u27a4 ALVO Vela Plus operating lights \u2714\ufe0f Na przestrzeni prawie 30 lat zrealizowali\u015bmy ponad 2,5 tysi\u0105ca sal operacyjnych w ponad 70 krajach \u015bwiata \u2714\ufe0f Sprawd\u017a!\" \/>\n<meta name=\"robots\" content=\"index, follow, max-snippet:-1, max-image-preview:large, max-video-preview:-1\" \/>\n<link rel=\"canonical\" href=\"https:\/\/alvo.pl\/en\/solutions\/alvo-vela\/\" \/>\n<meta property=\"og:locale\" content=\"en_US\" \/>\n<meta property=\"og:type\" content=\"article\" \/>\n<meta property=\"og:title\" content=\"ALVO Vela Plus operating lights - ALVO MEDICAL\" \/>\n<meta property=\"og:description\" content=\"ALVO MEDICAL \u27a4 ALVO Vela Plus operating lights \u2714\ufe0f Na przestrzeni prawie 30 lat zrealizowali\u015bmy ponad 2,5 tysi\u0105ca sal operacyjnych w ponad 70 krajach \u015bwiata \u2714\ufe0f Sprawd\u017a!\" \/>\n<meta property=\"og:url\" content=\"https:\/\/alvo.pl\/en\/solutions\/alvo-vela\/\" \/>\n<meta property=\"og:site_name\" content=\"ALVO MEDICAL\" \/>\n<meta property=\"article:modified_time\" content=\"2025-05-30T06:33:02+00:00\" \/>\n<meta property=\"og:image\" content=\"https:\/\/alvo.pl\/wp-content\/uploads\/2021\/04\/IMG_9117-2000px.jpg\" \/>\n\t<meta property=\"og:image:width\" content=\"2000\" \/>\n\t<meta property=\"og:image:height\" content=\"1334\" \/>\n\t<meta property=\"og:image:type\" content=\"image\/jpeg\" \/>\n<meta name=\"twitter:card\" content=\"summary_large_image\" \/>\n<meta name=\"twitter:label1\" content=\"Est. reading time\" \/>\n\t<meta name=\"twitter:data1\" content=\"1 minute\" \/>\n<script type=\"application\/ld+json\" class=\"yoast-schema-graph\">{\"@context\":\"https:\\\/\\\/schema.org\",\"@graph\":[{\"@type\":\"WebPage\",\"@id\":\"https:\\\/\\\/alvo.pl\\\/en\\\/solutions\\\/alvo-vela\\\/\",\"url\":\"https:\\\/\\\/alvo.pl\\\/en\\\/solutions\\\/alvo-vela\\\/\",\"name\":\"ALVO Vela Plus operating lights - ALVO MEDICAL\",\"isPartOf\":{\"@id\":\"https:\\\/\\\/alvo.pl\\\/en\\\/#website\"},\"primaryImageOfPage\":{\"@id\":\"https:\\\/\\\/alvo.pl\\\/en\\\/solutions\\\/alvo-vela\\\/#primaryimage\"},\"image\":{\"@id\":\"https:\\\/\\\/alvo.pl\\\/en\\\/solutions\\\/alvo-vela\\\/#primaryimage\"},\"thumbnailUrl\":\"https:\\\/\\\/alvo.pl\\\/wp-content\\\/uploads\\\/2021\\\/04\\\/IMG_9117-2000px.jpg\",\"datePublished\":\"2021-04-22T18:16:55+00:00\",\"dateModified\":\"2025-05-30T06:33:02+00:00\",\"description\":\"ALVO MEDICAL \u27a4 ALVO Vela Plus operating lights \u2714\ufe0f Na przestrzeni prawie 30 lat zrealizowali\u015bmy ponad 2,5 tysi\u0105ca sal operacyjnych w ponad 70 krajach \u015bwiata \u2714\ufe0f Sprawd\u017a!\",\"breadcrumb\":{\"@id\":\"https:\\\/\\\/alvo.pl\\\/en\\\/solutions\\\/alvo-vela\\\/#breadcrumb\"},\"inLanguage\":\"en-US\",\"potentialAction\":[{\"@type\":\"ReadAction\",\"target\":[\"https:\\\/\\\/alvo.pl\\\/en\\\/solutions\\\/alvo-vela\\\/\"]}]},{\"@type\":\"ImageObject\",\"inLanguage\":\"en-US\",\"@id\":\"https:\\\/\\\/alvo.pl\\\/en\\\/solutions\\\/alvo-vela\\\/#primaryimage\",\"url\":\"https:\\\/\\\/alvo.pl\\\/wp-content\\\/uploads\\\/2021\\\/04\\\/IMG_9117-2000px.jpg\",\"contentUrl\":\"https:\\\/\\\/alvo.pl\\\/wp-content\\\/uploads\\\/2021\\\/04\\\/IMG_9117-2000px.jpg\",\"width\":2000,\"height\":1334},{\"@type\":\"BreadcrumbList\",\"@id\":\"https:\\\/\\\/alvo.pl\\\/en\\\/solutions\\\/alvo-vela\\\/#breadcrumb\",\"itemListElement\":[{\"@type\":\"ListItem\",\"position\":1,\"name\":\"ALVO MEDICAL\",\"item\":\"https:\\\/\\\/alvo.pl\\\/en\\\/\"},{\"@type\":\"ListItem\",\"position\":2,\"name\":\"Solutions\",\"item\":\"https:\\\/\\\/alvo.pl\\\/en\\\/solutions\\\/\"},{\"@type\":\"ListItem\",\"position\":3,\"name\":\"Operating and examination lights\",\"item\":\"https:\\\/\\\/alvo.pl\\\/en\\\/product-category\\\/operating-lights-en\\\/\"},{\"@type\":\"ListItem\",\"position\":4,\"name\":\"ALVO Vela Plus operating lights\"}]},{\"@type\":\"WebSite\",\"@id\":\"https:\\\/\\\/alvo.pl\\\/en\\\/#website\",\"url\":\"https:\\\/\\\/alvo.pl\\\/en\\\/\",\"name\":\"ALVO MEDICAL\",\"description\":\"bloki i sto\u0142y operacyjne oraz wyposa\u017cenie medyczne\",\"potentialAction\":[{\"@type\":\"SearchAction\",\"target\":{\"@type\":\"EntryPoint\",\"urlTemplate\":\"https:\\\/\\\/alvo.pl\\\/en\\\/?s={search_term_string}\"},\"query-input\":{\"@type\":\"PropertyValueSpecification\",\"valueRequired\":true,\"valueName\":\"search_term_string\"}}],\"inLanguage\":\"en-US\"}]}<\/script>\n<!-- \/ Yoast SEO plugin. -->","yoast_head_json":{"title":"ALVO Vela Plus operating lights - ALVO MEDICAL","description":"ALVO MEDICAL \u27a4 ALVO Vela Plus operating lights \u2714\ufe0f Na przestrzeni prawie 30 lat zrealizowali\u015bmy ponad 2,5 tysi\u0105ca sal operacyjnych w ponad 70 krajach \u015bwiata \u2714\ufe0f Sprawd\u017a!","robots":{"index":"index","follow":"follow","max-snippet":"max-snippet:-1","max-image-preview":"max-image-preview:large","max-video-preview":"max-video-preview:-1"},"canonical":"https:\/\/alvo.pl\/en\/solutions\/alvo-vela\/","og_locale":"en_US","og_type":"article","og_title":"ALVO Vela Plus operating lights - ALVO MEDICAL","og_description":"ALVO MEDICAL \u27a4 ALVO Vela Plus operating lights \u2714\ufe0f Na przestrzeni prawie 30 lat zrealizowali\u015bmy ponad 2,5 tysi\u0105ca sal operacyjnych w ponad 70 krajach \u015bwiata \u2714\ufe0f Sprawd\u017a!","og_url":"https:\/\/alvo.pl\/en\/solutions\/alvo-vela\/","og_site_name":"ALVO MEDICAL","article_modified_time":"2025-05-30T06:33:02+00:00","og_image":[{"width":2000,"height":1334,"url":"https:\/\/alvo.pl\/wp-content\/uploads\/2021\/04\/IMG_9117-2000px.jpg","type":"image\/jpeg"}],"twitter_card":"summary_large_image","twitter_misc":{"Est. reading time":"1 minute"},"schema":{"@context":"https:\/\/schema.org","@graph":[{"@type":"WebPage","@id":"https:\/\/alvo.pl\/en\/solutions\/alvo-vela\/","url":"https:\/\/alvo.pl\/en\/solutions\/alvo-vela\/","name":"ALVO Vela Plus operating lights - ALVO MEDICAL","isPartOf":{"@id":"https:\/\/alvo.pl\/en\/#website"},"primaryImageOfPage":{"@id":"https:\/\/alvo.pl\/en\/solutions\/alvo-vela\/#primaryimage"},"image":{"@id":"https:\/\/alvo.pl\/en\/solutions\/alvo-vela\/#primaryimage"},"thumbnailUrl":"https:\/\/alvo.pl\/wp-content\/uploads\/2021\/04\/IMG_9117-2000px.jpg","datePublished":"2021-04-22T18:16:55+00:00","dateModified":"2025-05-30T06:33:02+00:00","description":"ALVO MEDICAL \u27a4 ALVO Vela Plus operating lights \u2714\ufe0f Na przestrzeni prawie 30 lat zrealizowali\u015bmy ponad 2,5 tysi\u0105ca sal operacyjnych w ponad 70 krajach \u015bwiata \u2714\ufe0f Sprawd\u017a!","breadcrumb":{"@id":"https:\/\/alvo.pl\/en\/solutions\/alvo-vela\/#breadcrumb"},"inLanguage":"en-US","potentialAction":[{"@type":"ReadAction","target":["https:\/\/alvo.pl\/en\/solutions\/alvo-vela\/"]}]},{"@type":"ImageObject","inLanguage":"en-US","@id":"https:\/\/alvo.pl\/en\/solutions\/alvo-vela\/#primaryimage","url":"https:\/\/alvo.pl\/wp-content\/uploads\/2021\/04\/IMG_9117-2000px.jpg","contentUrl":"https:\/\/alvo.pl\/wp-content\/uploads\/2021\/04\/IMG_9117-2000px.jpg","width":2000,"height":1334},{"@type":"BreadcrumbList","@id":"https:\/\/alvo.pl\/en\/solutions\/alvo-vela\/#breadcrumb","itemListElement":[{"@type":"ListItem","position":1,"name":"ALVO MEDICAL","item":"https:\/\/alvo.pl\/en\/"},{"@type":"ListItem","position":2,"name":"Solutions","item":"https:\/\/alvo.pl\/en\/solutions\/"},{"@type":"ListItem","position":3,"name":"Operating and examination lights","item":"https:\/\/alvo.pl\/en\/product-category\/operating-lights-en\/"},{"@type":"ListItem","position":4,"name":"ALVO Vela Plus operating lights"}]},{"@type":"WebSite","@id":"https:\/\/alvo.pl\/en\/#website","url":"https:\/\/alvo.pl\/en\/","name":"ALVO MEDICAL","description":"bloki i sto\u0142y operacyjne oraz wyposa\u017cenie medyczne","potentialAction":[{"@type":"SearchAction","target":{"@type":"EntryPoint","urlTemplate":"https:\/\/alvo.pl\/en\/?s={search_term_string}"},"query-input":{"@type":"PropertyValueSpecification","valueRequired":true,"valueName":"search_term_string"}}],"inLanguage":"en-US"}]}},"_links":{"self":[{"href":"https:\/\/alvo.pl\/en\/wp-json\/wp\/v2\/product\/4455","targetHints":{"allow":["GET"]}}],"collection":[{"href":"https:\/\/alvo.pl\/en\/wp-json\/wp\/v2\/product"}],"about":[{"href":"https:\/\/alvo.pl\/en\/wp-json\/wp\/v2\/types\/product"}],"version-history":[{"count":15,"href":"https:\/\/alvo.pl\/en\/wp-json\/wp\/v2\/product\/4455\/revisions"}],"predecessor-version":[{"id":13802,"href":"https:\/\/alvo.pl\/en\/wp-json\/wp\/v2\/product\/4455\/revisions\/13802"}],"wp:featuredmedia":[{"embeddable":true,"href":"https:\/\/alvo.pl\/en\/wp-json\/wp\/v2\/media\/13546"}],"wp:attachment":[{"href":"https:\/\/alvo.pl\/en\/wp-json\/wp\/v2\/media?parent=4455"}],"wp:term":[{"taxonomy":"product_category","embeddable":true,"href":"https:\/\/alvo.pl\/en\/wp-json\/wp\/v2\/product_category?post=4455"},{"taxonomy":"dyscyplines","embeddable":true,"href":"https:\/\/alvo.pl\/en\/wp-json\/wp\/v2\/dyscyplines?post=4455"}],"curies":[{"name":"wp","href":"https:\/\/api.w.org\/{rel}","templated":true}]}}