{"id":4465,"date":"2021-05-19T08:18:35","date_gmt":"2021-05-19T06:18:35","guid":{"rendered":"http:\/\/16.demooo.pl\/produkty\/stolik-typu-mayo-do-instrumentow-chirurgicznych\/"},"modified":"2023-05-19T14:01:00","modified_gmt":"2023-05-19T12:01:00","slug":"stolik-typu-mayo-do-instrumentow-chirurgicznych","status":"publish","type":"product","link":"https:\/\/alvo.pl\/en\/solutions\/stolik-typu-mayo-do-instrumentow-chirurgicznych\/","title":{"rendered":"Mayo type instrument table"},"content":{"rendered":"\n<p>MAIN PRODUCT CHARACTERISTICS<\/p>\n\n\n\n<ul class=\"wp-block-list\">\n<li>made of stainless steel 1.4301<\/li>\n\n\n\n<li>height adjusted recessed table top by foot lever, and with 360o horizontal rotation<\/li>\n\n\n\n<li>table top dimensions: 740&#215;490 mm<\/li>\n\n\n\n<li>t-shape base on three castors with diameter 80 mm, with brakes and non-smudging wheels<\/li>\n\n\n\n<li>permissible load: 15 kg<\/li>\n<\/ul>\n\n\n\n<p><\/p>\n","protected":false},"featured_media":3374,"parent":0,"menu_order":483,"template":"","product_category":[433,219],"dyscyplines":[],"class_list":["post-4465","product","type-product","status-publish","has-post-thumbnail","hentry","product_category-instrument-tables-and-dressing-tables","product_category-instrument-tables-and-dressing-tables-en"],"acf":[],"yoast_head":"<!-- This site is optimized with the Yoast SEO plugin v27.4 - https:\/\/yoast.com\/product\/yoast-seo-wordpress\/ -->\n<title>Mayo type instrument table - ALVO MEDICAL<\/title>\n<meta name=\"description\" content=\"ALVO MEDICAL \u27a4 Mayo type instrument table \u2714\ufe0f Na przestrzeni prawie 30 lat zrealizowali\u015bmy ponad 2,5 tysi\u0105ca sal operacyjnych w ponad 70 krajach \u015bwiata \u2714\ufe0f Sprawd\u017a!\" \/>\n<meta name=\"robots\" content=\"index, follow, max-snippet:-1, max-image-preview:large, max-video-preview:-1\" \/>\n<link rel=\"canonical\" href=\"https:\/\/alvo.pl\/en\/solutions\/stolik-typu-mayo-do-instrumentow-chirurgicznych\/\" \/>\n<meta property=\"og:locale\" content=\"en_US\" \/>\n<meta property=\"og:type\" content=\"article\" \/>\n<meta property=\"og:title\" content=\"Mayo type instrument table - ALVO MEDICAL\" \/>\n<meta property=\"og:description\" content=\"ALVO MEDICAL \u27a4 Mayo type instrument table \u2714\ufe0f Na przestrzeni prawie 30 lat zrealizowali\u015bmy ponad 2,5 tysi\u0105ca sal operacyjnych w ponad 70 krajach \u015bwiata \u2714\ufe0f Sprawd\u017a!\" \/>\n<meta property=\"og:url\" content=\"https:\/\/alvo.pl\/en\/solutions\/stolik-typu-mayo-do-instrumentow-chirurgicznych\/\" \/>\n<meta property=\"og:site_name\" content=\"ALVO MEDICAL\" \/>\n<meta property=\"article:modified_time\" content=\"2023-05-19T12:01:00+00:00\" \/>\n<meta property=\"og:image\" content=\"https:\/\/alvo.pl\/wp-content\/uploads\/2021\/05\/1e222501f5c8e6b31172a995f3fec7faf9c08bf3.jpg\" \/>\n\t<meta property=\"og:image:width\" content=\"1024\" \/>\n\t<meta property=\"og:image:height\" content=\"768\" \/>\n\t<meta property=\"og:image:type\" content=\"image\/jpeg\" \/>\n<meta name=\"twitter:card\" content=\"summary_large_image\" \/>\n<meta name=\"twitter:label1\" content=\"Est. reading time\" \/>\n\t<meta name=\"twitter:data1\" content=\"1 minute\" \/>\n<script type=\"application\/ld+json\" class=\"yoast-schema-graph\">{\"@context\":\"https:\\\/\\\/schema.org\",\"@graph\":[{\"@type\":\"WebPage\",\"@id\":\"https:\\\/\\\/alvo.pl\\\/en\\\/solutions\\\/stolik-typu-mayo-do-instrumentow-chirurgicznych\\\/\",\"url\":\"https:\\\/\\\/alvo.pl\\\/en\\\/solutions\\\/stolik-typu-mayo-do-instrumentow-chirurgicznych\\\/\",\"name\":\"Mayo type instrument table - ALVO MEDICAL\",\"isPartOf\":{\"@id\":\"https:\\\/\\\/alvo.pl\\\/en\\\/#website\"},\"primaryImageOfPage\":{\"@id\":\"https:\\\/\\\/alvo.pl\\\/en\\\/solutions\\\/stolik-typu-mayo-do-instrumentow-chirurgicznych\\\/#primaryimage\"},\"image\":{\"@id\":\"https:\\\/\\\/alvo.pl\\\/en\\\/solutions\\\/stolik-typu-mayo-do-instrumentow-chirurgicznych\\\/#primaryimage\"},\"thumbnailUrl\":\"https:\\\/\\\/alvo.pl\\\/wp-content\\\/uploads\\\/2021\\\/05\\\/1e222501f5c8e6b31172a995f3fec7faf9c08bf3.jpg\",\"datePublished\":\"2021-05-19T06:18:35+00:00\",\"dateModified\":\"2023-05-19T12:01:00+00:00\",\"description\":\"ALVO MEDICAL \u27a4 Mayo type instrument table \u2714\ufe0f Na przestrzeni prawie 30 lat zrealizowali\u015bmy ponad 2,5 tysi\u0105ca sal operacyjnych w ponad 70 krajach \u015bwiata \u2714\ufe0f Sprawd\u017a!\",\"breadcrumb\":{\"@id\":\"https:\\\/\\\/alvo.pl\\\/en\\\/solutions\\\/stolik-typu-mayo-do-instrumentow-chirurgicznych\\\/#breadcrumb\"},\"inLanguage\":\"en-US\",\"potentialAction\":[{\"@type\":\"ReadAction\",\"target\":[\"https:\\\/\\\/alvo.pl\\\/en\\\/solutions\\\/stolik-typu-mayo-do-instrumentow-chirurgicznych\\\/\"]}]},{\"@type\":\"ImageObject\",\"inLanguage\":\"en-US\",\"@id\":\"https:\\\/\\\/alvo.pl\\\/en\\\/solutions\\\/stolik-typu-mayo-do-instrumentow-chirurgicznych\\\/#primaryimage\",\"url\":\"https:\\\/\\\/alvo.pl\\\/wp-content\\\/uploads\\\/2021\\\/05\\\/1e222501f5c8e6b31172a995f3fec7faf9c08bf3.jpg\",\"contentUrl\":\"https:\\\/\\\/alvo.pl\\\/wp-content\\\/uploads\\\/2021\\\/05\\\/1e222501f5c8e6b31172a995f3fec7faf9c08bf3.jpg\",\"width\":1024,\"height\":768},{\"@type\":\"BreadcrumbList\",\"@id\":\"https:\\\/\\\/alvo.pl\\\/en\\\/solutions\\\/stolik-typu-mayo-do-instrumentow-chirurgicznych\\\/#breadcrumb\",\"itemListElement\":[{\"@type\":\"ListItem\",\"position\":1,\"name\":\"ALVO MEDICAL\",\"item\":\"https:\\\/\\\/alvo.pl\\\/en\\\/\"},{\"@type\":\"ListItem\",\"position\":2,\"name\":\"Solutions\",\"item\":\"https:\\\/\\\/alvo.pl\\\/en\\\/solutions\\\/\"},{\"@type\":\"ListItem\",\"position\":3,\"name\":\"Furniture and medical equipment\",\"item\":\"https:\\\/\\\/alvo.pl\\\/en\\\/product-category\\\/furniture-and-medical-equipment-en\\\/\"},{\"@type\":\"ListItem\",\"position\":4,\"name\":\"Instrument tables and dressing tables\",\"item\":\"https:\\\/\\\/alvo.pl\\\/en\\\/product-category\\\/instrument-tables-and-dressing-tables-en\\\/\"},{\"@type\":\"ListItem\",\"position\":5,\"name\":\"Mayo type instrument table\"}]},{\"@type\":\"WebSite\",\"@id\":\"https:\\\/\\\/alvo.pl\\\/en\\\/#website\",\"url\":\"https:\\\/\\\/alvo.pl\\\/en\\\/\",\"name\":\"ALVO MEDICAL\",\"description\":\"bloki i sto\u0142y operacyjne oraz wyposa\u017cenie medyczne\",\"potentialAction\":[{\"@type\":\"SearchAction\",\"target\":{\"@type\":\"EntryPoint\",\"urlTemplate\":\"https:\\\/\\\/alvo.pl\\\/en\\\/?s={search_term_string}\"},\"query-input\":{\"@type\":\"PropertyValueSpecification\",\"valueRequired\":true,\"valueName\":\"search_term_string\"}}],\"inLanguage\":\"en-US\"}]}<\/script>\n<!-- \/ Yoast SEO plugin. -->","yoast_head_json":{"title":"Mayo type instrument table - ALVO MEDICAL","description":"ALVO MEDICAL \u27a4 Mayo type instrument table \u2714\ufe0f Na przestrzeni prawie 30 lat zrealizowali\u015bmy ponad 2,5 tysi\u0105ca sal operacyjnych w ponad 70 krajach \u015bwiata \u2714\ufe0f Sprawd\u017a!","robots":{"index":"index","follow":"follow","max-snippet":"max-snippet:-1","max-image-preview":"max-image-preview:large","max-video-preview":"max-video-preview:-1"},"canonical":"https:\/\/alvo.pl\/en\/solutions\/stolik-typu-mayo-do-instrumentow-chirurgicznych\/","og_locale":"en_US","og_type":"article","og_title":"Mayo type instrument table - ALVO MEDICAL","og_description":"ALVO MEDICAL \u27a4 Mayo type instrument table \u2714\ufe0f Na przestrzeni prawie 30 lat zrealizowali\u015bmy ponad 2,5 tysi\u0105ca sal operacyjnych w ponad 70 krajach \u015bwiata \u2714\ufe0f Sprawd\u017a!","og_url":"https:\/\/alvo.pl\/en\/solutions\/stolik-typu-mayo-do-instrumentow-chirurgicznych\/","og_site_name":"ALVO MEDICAL","article_modified_time":"2023-05-19T12:01:00+00:00","og_image":[{"width":1024,"height":768,"url":"https:\/\/alvo.pl\/wp-content\/uploads\/2021\/05\/1e222501f5c8e6b31172a995f3fec7faf9c08bf3.jpg","type":"image\/jpeg"}],"twitter_card":"summary_large_image","twitter_misc":{"Est. reading time":"1 minute"},"schema":{"@context":"https:\/\/schema.org","@graph":[{"@type":"WebPage","@id":"https:\/\/alvo.pl\/en\/solutions\/stolik-typu-mayo-do-instrumentow-chirurgicznych\/","url":"https:\/\/alvo.pl\/en\/solutions\/stolik-typu-mayo-do-instrumentow-chirurgicznych\/","name":"Mayo type instrument table - ALVO MEDICAL","isPartOf":{"@id":"https:\/\/alvo.pl\/en\/#website"},"primaryImageOfPage":{"@id":"https:\/\/alvo.pl\/en\/solutions\/stolik-typu-mayo-do-instrumentow-chirurgicznych\/#primaryimage"},"image":{"@id":"https:\/\/alvo.pl\/en\/solutions\/stolik-typu-mayo-do-instrumentow-chirurgicznych\/#primaryimage"},"thumbnailUrl":"https:\/\/alvo.pl\/wp-content\/uploads\/2021\/05\/1e222501f5c8e6b31172a995f3fec7faf9c08bf3.jpg","datePublished":"2021-05-19T06:18:35+00:00","dateModified":"2023-05-19T12:01:00+00:00","description":"ALVO MEDICAL \u27a4 Mayo type instrument table \u2714\ufe0f Na przestrzeni prawie 30 lat zrealizowali\u015bmy ponad 2,5 tysi\u0105ca sal operacyjnych w ponad 70 krajach \u015bwiata \u2714\ufe0f Sprawd\u017a!","breadcrumb":{"@id":"https:\/\/alvo.pl\/en\/solutions\/stolik-typu-mayo-do-instrumentow-chirurgicznych\/#breadcrumb"},"inLanguage":"en-US","potentialAction":[{"@type":"ReadAction","target":["https:\/\/alvo.pl\/en\/solutions\/stolik-typu-mayo-do-instrumentow-chirurgicznych\/"]}]},{"@type":"ImageObject","inLanguage":"en-US","@id":"https:\/\/alvo.pl\/en\/solutions\/stolik-typu-mayo-do-instrumentow-chirurgicznych\/#primaryimage","url":"https:\/\/alvo.pl\/wp-content\/uploads\/2021\/05\/1e222501f5c8e6b31172a995f3fec7faf9c08bf3.jpg","contentUrl":"https:\/\/alvo.pl\/wp-content\/uploads\/2021\/05\/1e222501f5c8e6b31172a995f3fec7faf9c08bf3.jpg","width":1024,"height":768},{"@type":"BreadcrumbList","@id":"https:\/\/alvo.pl\/en\/solutions\/stolik-typu-mayo-do-instrumentow-chirurgicznych\/#breadcrumb","itemListElement":[{"@type":"ListItem","position":1,"name":"ALVO MEDICAL","item":"https:\/\/alvo.pl\/en\/"},{"@type":"ListItem","position":2,"name":"Solutions","item":"https:\/\/alvo.pl\/en\/solutions\/"},{"@type":"ListItem","position":3,"name":"Furniture and medical equipment","item":"https:\/\/alvo.pl\/en\/product-category\/furniture-and-medical-equipment-en\/"},{"@type":"ListItem","position":4,"name":"Instrument tables and dressing tables","item":"https:\/\/alvo.pl\/en\/product-category\/instrument-tables-and-dressing-tables-en\/"},{"@type":"ListItem","position":5,"name":"Mayo type instrument table"}]},{"@type":"WebSite","@id":"https:\/\/alvo.pl\/en\/#website","url":"https:\/\/alvo.pl\/en\/","name":"ALVO MEDICAL","description":"bloki i sto\u0142y operacyjne oraz wyposa\u017cenie medyczne","potentialAction":[{"@type":"SearchAction","target":{"@type":"EntryPoint","urlTemplate":"https:\/\/alvo.pl\/en\/?s={search_term_string}"},"query-input":{"@type":"PropertyValueSpecification","valueRequired":true,"valueName":"search_term_string"}}],"inLanguage":"en-US"}]}},"_links":{"self":[{"href":"https:\/\/alvo.pl\/en\/wp-json\/wp\/v2\/product\/4465","targetHints":{"allow":["GET"]}}],"collection":[{"href":"https:\/\/alvo.pl\/en\/wp-json\/wp\/v2\/product"}],"about":[{"href":"https:\/\/alvo.pl\/en\/wp-json\/wp\/v2\/types\/product"}],"version-history":[{"count":3,"href":"https:\/\/alvo.pl\/en\/wp-json\/wp\/v2\/product\/4465\/revisions"}],"predecessor-version":[{"id":9925,"href":"https:\/\/alvo.pl\/en\/wp-json\/wp\/v2\/product\/4465\/revisions\/9925"}],"wp:featuredmedia":[{"embeddable":true,"href":"https:\/\/alvo.pl\/en\/wp-json\/wp\/v2\/media\/3374"}],"wp:attachment":[{"href":"https:\/\/alvo.pl\/en\/wp-json\/wp\/v2\/media?parent=4465"}],"wp:term":[{"taxonomy":"product_category","embeddable":true,"href":"https:\/\/alvo.pl\/en\/wp-json\/wp\/v2\/product_category?post=4465"},{"taxonomy":"dyscyplines","embeddable":true,"href":"https:\/\/alvo.pl\/en\/wp-json\/wp\/v2\/dyscyplines?post=4465"}],"curies":[{"name":"wp","href":"https:\/\/api.w.org\/{rel}","templated":true}]}}